{"id":3165,"date":"2024-03-25T13:48:50","date_gmt":"2024-03-25T12:48:50","guid":{"rendered":"http:\/\/commissionroyalehistoire.be\/toegankelijkheidsverklaring\/"},"modified":"2024-04-19T11:58:56","modified_gmt":"2024-04-19T09:58:56","slug":"declaration-d-accessibilite","status":"publish","type":"page","link":"https:\/\/commissionroyalehistoire.be\/fr\/declaration-d-accessibilite\/","title":{"rendered":"D\u00e9claration d&rsquo;accessibilit\u00e9"},"content":{"rendered":"<p>[vc_row][vc_column width=\u00a0\u00bb1\/1&Prime;][vc_custom_heading auto_text=\u00a0\u00bbyes\u00a0\u00bb text_color=\u00a0\u00bbaccent\u00a0\u00bb heading_semantic=\u00a0\u00bbh1&Prime; text_size=\u00a0\u00bbfontsize-723857&Prime; text_weight=\u00a0\u00bb400&Prime; text_height=\u00a0\u00bbfontheight-576653&Prime; text_space=\u00a0\u00bbfontspace-156327&Prime; separator=\u00a0\u00bbyes\u00a0\u00bb separator_double=\u00a0\u00bbyes\u00a0\u00bb uncode_shortcode_id=\u00a0\u00bb462340&Prime; text_color_type=\u00a0\u00bbuncode-palette\u00a0\u00bb]This is a custom heading element.[\/vc_custom_heading][\/vc_column][\/vc_row][vc_row][vc_column width=\u00a0\u00bb1\/1&Prime;][vc_column_text uncode_shortcode_id=\u00a0\u00bb722435&Prime;]Commission royale d&rsquo;Histoire, s&rsquo;engage \u00e0 rendre ce site accessible, conform\u00e9ment \u00e0 la l\u00e9gislation suivante : loi du 19 juillet 2018 relative \u00e0 l&rsquo;accessibilit\u00e9 des sites internet et des applications mobiles des organismes publics.<\/p>\n<p>La pr\u00e9sente d\u00e9claration d&rsquo;accessibilit\u00e9 s&rsquo;applique \u00e0 :<\/p>\n<p>[\/vc_column_text][vc_column_text text_color=\u00a0\u00bbaccent\u00a0\u00bb uncode_shortcode_id=\u00a0\u00bb729675&Prime; text_color_type=\u00a0\u00bbuncode-palette\u00a0\u00bb]<\/p>\n<ul>\n<li><strong>Le site web : http:\/\/commissionroyalehistoire.be\/<\/strong><\/li>\n<\/ul>\n<p>[\/vc_column_text][vc_custom_heading text_color=\u00a0\u00bbcolor-303894&Prime; text_weight=\u00a0\u00bb300&Prime; text_height=\u00a0\u00bbfontheight-576653&Prime; text_space=\u00a0\u00bbfontspace-156327&Prime; uncode_shortcode_id=\u00a0\u00bb123411&Prime; text_color_type=\u00a0\u00bbuncode-palette\u00a0\u00bb]\u00c9tat de conformit\u00e9[\/vc_custom_heading][vc_column_text uncode_shortcode_id=\u00a0\u00bb292711&Prime;]Ce site web est partiellement conforme, en raison des non-conformit\u00e9s et des exemptions ci-dessous.[\/vc_column_text][vc_custom_heading text_color=\u00a0\u00bbcolor-303894&Prime; text_weight=\u00a0\u00bb300&Prime; text_height=\u00a0\u00bbfontheight-576653&Prime; text_space=\u00a0\u00bbfontspace-156327&Prime; uncode_shortcode_id=\u00a0\u00bb101116&Prime; text_color_type=\u00a0\u00bbuncode-palette\u00a0\u00bb]pr\u00e9parez votre d\u00e9claration[\/vc_custom_heading][vc_column_text uncode_shortcode_id=\u00a0\u00bb506874&Prime;]Un audit interne sur l&rsquo;accessibilit\u00e9 a \u00e9t\u00e9 r\u00e9alis\u00e9. Cet audit \u00e9tait une analyse simplifi\u00e9e.<\/p>\n<p>Le rapport d&rsquo;audit est accessible via <a href=\"https:\/\/scan.accessibility.belgium.be\/nl\/report\/2024\/commissionroyalehistoire.be\">ce lien<\/a>. (seulement disponible en n\u00e9erlandais)[\/vc_column_text][vc_custom_heading text_color=\u00a0\u00bbcolor-303894&Prime; text_weight=\u00a0\u00bb300&Prime; text_height=\u00a0\u00bbfontheight-576653&Prime; text_space=\u00a0\u00bbfontspace-156327&Prime; uncode_shortcode_id=\u00a0\u00bb771636&Prime; text_color_type=\u00a0\u00bbuncode-palette\u00a0\u00bb]Contenu non accessible[\/vc_custom_heading][vc_column_text uncode_shortcode_id=\u00a0\u00bb190605&Prime;]Notre site web (trilingue) s&rsquo;efforce d&rsquo;\u00eatre pleinement accessible \u00e0 tous les utilisateurs, y compris les personnes ayant des besoins divers. Malgr\u00e9 nos efforts pour rendre chaque partie de notre site accessible, nous reconnaissons que certains contenus ou fonctionnalit\u00e9s peuvent ne pas encore r\u00e9pondre \u00e0 tous les crit\u00e8res d&rsquo;accessibilit\u00e9. Il peut s&rsquo;agir de<\/p>\n<ul>\n<li><strong>Documents PDF et autres t\u00e9l\u00e9chargements<\/strong>: Les documents t\u00e9l\u00e9charg\u00e9s ne sont pas tous optimis\u00e9s pour l&rsquo;accessibilit\u00e9. Cela signifie que certains documents peuvent ne pas fonctionner correctement avec des lecteurs d&rsquo;\u00e9cran ou d&rsquo;autres technologies d&rsquo;assistance.<\/li>\n<li><strong>Contenu vid\u00e9o et audio<\/strong>: les contenus vid\u00e9o et audio ne comportent pas tous des sous-titres ou une description audio, ce qui peut limiter l&rsquo;accessibilit\u00e9 pour les utilisateurs souffrant de d\u00e9ficiences auditives ou visuelles.<\/li>\n<li><strong>Contenu dynamique<\/strong>: certaines parties de notre site web qui contiennent un contenu dynamique, interactif ou en temps r\u00e9el peuvent poser des probl\u00e8mes d&rsquo;accessibilit\u00e9 en raison de leur nature complexe. Nous nous effor\u00e7ons de rendre ce contenu plus accessible.<\/li>\n<li><strong>Navigation et structure:<\/strong> bien que nous nous soyons engag\u00e9s \u00e0 rendre notre site web intuitif et facile \u00e0 naviguer, il peut encore y avoir des parties o\u00f9 la navigation ou la structure des pages peut \u00eatre am\u00e9lior\u00e9e pour renforcer l&rsquo;accessibilit\u00e9.<\/li>\n<\/ul>\n<p>Nous am\u00e9liorons constamment l&rsquo;accessibilit\u00e9 de notre site web et appr\u00e9cions les commentaires des utilisateurs sur la mani\u00e8re dont nous pouvons encore am\u00e9liorer l&rsquo;accessibilit\u00e9. Si vous rencontrez des probl\u00e8mes ou si vous avez des suggestions, n&rsquo;h\u00e9sitez pas \u00e0 nous contacter.[\/vc_column_text][vc_custom_heading text_color=\u00a0\u00bbcolor-303894&Prime; text_weight=\u00a0\u00bb300&Prime; text_height=\u00a0\u00bbfontheight-576653&Prime; text_space=\u00a0\u00bbfontspace-156327&Prime; uncode_shortcode_id=\u00a0\u00bb192237&Prime; text_color_type=\u00a0\u00bbuncode-palette\u00a0\u00bb]Alternatives propos\u00e9es[\/vc_custom_heading][vc_column_text uncode_shortcode_id=\u00a0\u00bb464763&Prime;]Nous comprenons que certaines parties de notre site web ou de notre application peuvent ne pas \u00eatre enti\u00e8rement accessibles \u00e0 tous. Afin de garantir que tous les utilisateurs puissent acc\u00e9der aux informations et aux services que nous fournissons, nous mettons \u00e0 leur disposition les alternatives suivantes:<\/p>\n<ul>\n<li><strong>Documents personnalis\u00e9s<\/strong>: Pour les documents qui ne sont pas optimis\u00e9s pour l&rsquo;accessibilit\u00e9, nous pouvons, dans la mesure du possible, fournir des versions compatibles avec les lecteurs d&rsquo;\u00e9cran ou dans des formats alternatifs sur demande.<\/li>\n<li><strong>Assistance personnelle<\/strong>: si les utilisateurs rencontrent des probl\u00e8mes avec un contenu ou des fonctionnalit\u00e9s sp\u00e9cifiques, ils peuvent nous contacter par courrier \u00e9lectronique.<\/li>\n<li><strong>Commentaires et suggestions<\/strong>: Nous encourageons les utilisateurs \u00e0 nous faire part de leurs commentaires et suggestions sur la mani\u00e8re d&rsquo;am\u00e9liorer notre accessibilit\u00e9. Cela nous permet de faire des efforts cibl\u00e9s pour am\u00e9liorer l&rsquo;accessibilit\u00e9 de notre site web et de notre application.<\/li>\n<li><strong>Autres options de navigation<\/strong>: Pour les utilisateurs qui ont des difficult\u00e9s \u00e0 naviguer sur notre site web, nous proposons une fonction de recherche qui facilite la recherche d&rsquo;informations.<\/li>\n<\/ul>\n<p>Nous nous engageons \u00e0 am\u00e9liorer en permanence l&rsquo;accessibilit\u00e9 de notre site web et de notre application. Notre objectif est de faire en sorte que chacun, quelles que soient ses capacit\u00e9s, puisse acc\u00e9der \u00e0 toutes les informations et \u00e0 tous les services que nous fournissons.[\/vc_column_text][vc_custom_heading text_color=\u00a0\u00bbcolor-303894&Prime; text_weight=\u00a0\u00bb300&Prime; text_height=\u00a0\u00bbfontheight-576653&Prime; text_space=\u00a0\u00bbfontspace-156327&Prime; uncode_shortcode_id=\u00a0\u00bb802721&Prime; text_color_type=\u00a0\u00bbuncode-palette\u00a0\u00bb]Coordonn\u00e9es[\/vc_custom_heading][vc_column_text uncode_shortcode_id=\u00a0\u00bb100187&Prime;]Si vous avez des questions ou des commentaires concernant l&rsquo;accessibilit\u00e9 de notre site web\/application, veuillez contacter :[\/vc_column_text][vc_column_text text_color=\u00a0\u00bbaccent\u00a0\u00bb uncode_shortcode_id=\u00a0\u00bb511843&Prime; text_color_type=\u00a0\u00bbuncode-palette\u00a0\u00bb]<strong>jeanluc.depaepe@gmail.com<\/strong>[\/vc_column_text][vc_column_text uncode_shortcode_id=\u00a0\u00bb752837&Prime;]Si le service susmentionn\u00e9 ne r\u00e9pond pas, veuillez contacter l&rsquo;organe de contr\u00f4le suivant :<\/p>\n<p>Commission royale d&rsquo;Histoire<\/p>\n<p>Si vous n&rsquo;obtenez pas de r\u00e9ponse de l&rsquo;organisme de contr\u00f4le, adressez-vous au m\u00e9diateur f\u00e9d\u00e9ral:<\/p>\n<p>Leuvenseweg 48 bus 6<br \/>\n1000 Brussel[\/vc_column_text][vc_column_text text_color=\u00a0\u00bbaccent\u00a0\u00bb uncode_shortcode_id=\u00a0\u00bb917055&Prime; text_color_type=\u00a0\u00bbuncode-palette\u00a0\u00bb]<strong><a class=\"mailto\" href=\"mailto:contact@federaalombudsman.be\" data-extlink=\"\">contact@federaalombudsman.be<\/a><\/strong><\/p>\n<p><strong><a class=\"ext\" href=\"http:\/\/www.federaalombudsman.be\/nl\/\" data-extlink=\"\">Website Federale Ombudsman<\/a><\/strong>[\/vc_column_text][vc_custom_heading text_color=\u00a0\u00bbcolor-303894&Prime; text_weight=\u00a0\u00bb300&Prime; text_height=\u00a0\u00bbfontheight-576653&Prime; text_space=\u00a0\u00bbfontspace-156327&Prime; uncode_shortcode_id=\u00a0\u00bb201294&Prime; text_color_type=\u00a0\u00bbuncode-palette\u00a0\u00bb]Plan d&rsquo;am\u00e9lioration[\/vc_custom_heading][vc_column_text uncode_shortcode_id=\u00a0\u00bb199311&Prime;]Afin d&rsquo;am\u00e9liorer l&rsquo;accessibilit\u00e9 de notre site web et de veiller \u00e0 ce qu&rsquo;il soit utilisable et accessible \u00e0 tous, y compris aux personnes handicap\u00e9es, nous sommes ouverts \u00e0 toutes sortes d&rsquo;am\u00e9liorations \u00e0 l&rsquo;avenir.<\/p>\n<p>Cette d\u00e9claration a \u00e9t\u00e9 pr\u00e9par\u00e9e le 13\/03\/2024.<\/p>\n<p>La d\u00e9claration a \u00e9t\u00e9 r\u00e9vis\u00e9e pour la derni\u00e8re fois le 19\/04\/2024.[\/vc_column_text][\/vc_column][\/vc_row]<\/p>\n","protected":false},"excerpt":{"rendered":"<p>[vc_row][vc_column width=\u00a0\u00bb1\/1&Prime;][vc_custom_heading auto_text=\u00a0\u00bbyes\u00a0\u00bb text_color=\u00a0\u00bbaccent\u00a0\u00bb heading_semantic=\u00a0\u00bbh1&Prime; text_size=\u00a0\u00bbfontsize-723857&Prime; text_weight=\u00a0\u00bb400&Prime; text_height=\u00a0\u00bbfontheight-576653&Prime; text_space=\u00a0\u00bbfontspace-156327&Prime; separator=\u00a0\u00bbyes\u00a0\u00bb separator_double=\u00a0\u00bbyes\u00a0\u00bb uncode_shortcode_id=\u00a0\u00bb462340&Prime; text_color_type=\u00a0\u00bbuncode-palette\u00a0\u00bb]This is a custom heading element.[\/vc_custom_heading][\/vc_column][\/vc_row][vc_row][vc_column width=\u00a0\u00bb1\/1&Prime;][vc_column_text uncode_shortcode_id=\u00a0\u00bb722435&Prime;]Commission [&hellip;]<\/p>\n","protected":false},"author":2,"featured_media":0,"parent":0,"menu_order":0,"comment_status":"closed","ping_status":"closed","template":"","meta":[],"yoast_head":"<!-- This site is optimized with the Yoast SEO plugin v19.9 - https:\/\/yoast.com\/wordpress\/plugins\/seo\/ -->\n<title>D\u00e9claration d&#039;accessibilit\u00e9 | Commission Royale d\u2019Histoire<\/title>\n<meta name=\"robots\" content=\"index, follow, max-snippet:-1, max-image-preview:large, max-video-preview:-1\" \/>\n<link rel=\"canonical\" href=\"http:\/\/commissionroyalehistoire.be\/fr\/declaration-d-accessibilite\/\" \/>\n<meta property=\"og:locale\" content=\"fr_FR\" \/>\n<meta property=\"og:type\" content=\"article\" \/>\n<meta property=\"og:title\" content=\"D\u00e9claration d&#039;accessibilit\u00e9 | Commission Royale d\u2019Histoire\" \/>\n<meta property=\"og:description\" content=\"[vc_row][vc_column width=\u00a0\u00bb1\/1&Prime;][vc_custom_heading auto_text=\u00a0\u00bbyes\u00a0\u00bb text_color=\u00a0\u00bbaccent\u00a0\u00bb heading_semantic=\u00a0\u00bbh1&Prime; text_size=\u00a0\u00bbfontsize-723857&Prime; text_weight=\u00a0\u00bb400&Prime; text_height=\u00a0\u00bbfontheight-576653&Prime; text_space=\u00a0\u00bbfontspace-156327&Prime; separator=\u00a0\u00bbyes\u00a0\u00bb separator_double=\u00a0\u00bbyes\u00a0\u00bb uncode_shortcode_id=\u00a0\u00bb462340&Prime; text_color_type=\u00a0\u00bbuncode-palette\u00a0\u00bb]This is a custom heading element.[\/vc_custom_heading][\/vc_column][\/vc_row][vc_row][vc_column width=\u00a0\u00bb1\/1&Prime;][vc_column_text uncode_shortcode_id=\u00a0\u00bb722435&Prime;]Commission [&hellip;]\" \/>\n<meta property=\"og:url\" content=\"http:\/\/commissionroyalehistoire.be\/fr\/declaration-d-accessibilite\/\" \/>\n<meta property=\"og:site_name\" content=\"Commission Royale d\u2019Histoire\" \/>\n<meta property=\"article:modified_time\" content=\"2024-04-19T09:58:56+00:00\" \/>\n<meta name=\"twitter:card\" content=\"summary_large_image\" \/>\n<meta name=\"twitter:label1\" content=\"Dur\u00e9e de lecture estim\u00e9e\" \/>\n\t<meta name=\"twitter:data1\" content=\"4 minutes\" \/>\n<script type=\"application\/ld+json\" class=\"yoast-schema-graph\">{\"@context\":\"https:\/\/schema.org\",\"@graph\":[{\"@type\":\"WebPage\",\"@id\":\"http:\/\/commissionroyalehistoire.be\/fr\/declaration-d-accessibilite\/\",\"url\":\"http:\/\/commissionroyalehistoire.be\/fr\/declaration-d-accessibilite\/\",\"name\":\"D\u00e9claration d'accessibilit\u00e9 | Commission Royale d\u2019Histoire\",\"isPartOf\":{\"@id\":\"http:\/\/commissionroyalehistoire.be\/nl\/#website\"},\"datePublished\":\"2024-03-25T12:48:50+00:00\",\"dateModified\":\"2024-04-19T09:58:56+00:00\",\"breadcrumb\":{\"@id\":\"http:\/\/commissionroyalehistoire.be\/fr\/declaration-d-accessibilite\/#breadcrumb\"},\"inLanguage\":\"fr-FR\",\"potentialAction\":[{\"@type\":\"ReadAction\",\"target\":[\"http:\/\/commissionroyalehistoire.be\/fr\/declaration-d-accessibilite\/\"]}]},{\"@type\":\"BreadcrumbList\",\"@id\":\"http:\/\/commissionroyalehistoire.be\/fr\/declaration-d-accessibilite\/#breadcrumb\",\"itemListElement\":[{\"@type\":\"ListItem\",\"position\":1,\"name\":\"Home\",\"item\":\"https:\/\/commissionroyalehistoire.be\/fr\/\"},{\"@type\":\"ListItem\",\"position\":2,\"name\":\"D\u00e9claration d&rsquo;accessibilit\u00e9\"}]},{\"@type\":\"WebSite\",\"@id\":\"http:\/\/commissionroyalehistoire.be\/nl\/#website\",\"url\":\"http:\/\/commissionroyalehistoire.be\/nl\/\",\"name\":\"Commission Royale d\u2019Histoire\",\"description\":\"Just another WordPress site\",\"potentialAction\":[{\"@type\":\"SearchAction\",\"target\":{\"@type\":\"EntryPoint\",\"urlTemplate\":\"http:\/\/commissionroyalehistoire.be\/nl\/?s={search_term_string}\"},\"query-input\":\"required name=search_term_string\"}],\"inLanguage\":\"fr-FR\"}]}<\/script>\n<!-- \/ Yoast SEO plugin. -->","yoast_head_json":{"title":"D\u00e9claration d'accessibilit\u00e9 | Commission Royale d\u2019Histoire","robots":{"index":"index","follow":"follow","max-snippet":"max-snippet:-1","max-image-preview":"max-image-preview:large","max-video-preview":"max-video-preview:-1"},"canonical":"http:\/\/commissionroyalehistoire.be\/fr\/declaration-d-accessibilite\/","og_locale":"fr_FR","og_type":"article","og_title":"D\u00e9claration d'accessibilit\u00e9 | Commission Royale d\u2019Histoire","og_description":"[vc_row][vc_column width=\u00a0\u00bb1\/1&Prime;][vc_custom_heading auto_text=\u00a0\u00bbyes\u00a0\u00bb text_color=\u00a0\u00bbaccent\u00a0\u00bb heading_semantic=\u00a0\u00bbh1&Prime; text_size=\u00a0\u00bbfontsize-723857&Prime; text_weight=\u00a0\u00bb400&Prime; text_height=\u00a0\u00bbfontheight-576653&Prime; text_space=\u00a0\u00bbfontspace-156327&Prime; separator=\u00a0\u00bbyes\u00a0\u00bb separator_double=\u00a0\u00bbyes\u00a0\u00bb uncode_shortcode_id=\u00a0\u00bb462340&Prime; text_color_type=\u00a0\u00bbuncode-palette\u00a0\u00bb]This is a custom heading element.[\/vc_custom_heading][\/vc_column][\/vc_row][vc_row][vc_column width=\u00a0\u00bb1\/1&Prime;][vc_column_text uncode_shortcode_id=\u00a0\u00bb722435&Prime;]Commission [&hellip;]","og_url":"http:\/\/commissionroyalehistoire.be\/fr\/declaration-d-accessibilite\/","og_site_name":"Commission Royale d\u2019Histoire","article_modified_time":"2024-04-19T09:58:56+00:00","twitter_card":"summary_large_image","twitter_misc":{"Dur\u00e9e de lecture estim\u00e9e":"4 minutes"},"schema":{"@context":"https:\/\/schema.org","@graph":[{"@type":"WebPage","@id":"http:\/\/commissionroyalehistoire.be\/fr\/declaration-d-accessibilite\/","url":"http:\/\/commissionroyalehistoire.be\/fr\/declaration-d-accessibilite\/","name":"D\u00e9claration d'accessibilit\u00e9 | Commission Royale d\u2019Histoire","isPartOf":{"@id":"http:\/\/commissionroyalehistoire.be\/nl\/#website"},"datePublished":"2024-03-25T12:48:50+00:00","dateModified":"2024-04-19T09:58:56+00:00","breadcrumb":{"@id":"http:\/\/commissionroyalehistoire.be\/fr\/declaration-d-accessibilite\/#breadcrumb"},"inLanguage":"fr-FR","potentialAction":[{"@type":"ReadAction","target":["http:\/\/commissionroyalehistoire.be\/fr\/declaration-d-accessibilite\/"]}]},{"@type":"BreadcrumbList","@id":"http:\/\/commissionroyalehistoire.be\/fr\/declaration-d-accessibilite\/#breadcrumb","itemListElement":[{"@type":"ListItem","position":1,"name":"Home","item":"https:\/\/commissionroyalehistoire.be\/fr\/"},{"@type":"ListItem","position":2,"name":"D\u00e9claration d&rsquo;accessibilit\u00e9"}]},{"@type":"WebSite","@id":"http:\/\/commissionroyalehistoire.be\/nl\/#website","url":"http:\/\/commissionroyalehistoire.be\/nl\/","name":"Commission Royale d\u2019Histoire","description":"Just another WordPress site","potentialAction":[{"@type":"SearchAction","target":{"@type":"EntryPoint","urlTemplate":"http:\/\/commissionroyalehistoire.be\/nl\/?s={search_term_string}"},"query-input":"required name=search_term_string"}],"inLanguage":"fr-FR"}]}},"_links":{"self":[{"href":"https:\/\/commissionroyalehistoire.be\/fr\/wp-json\/wp\/v2\/pages\/3165"}],"collection":[{"href":"https:\/\/commissionroyalehistoire.be\/fr\/wp-json\/wp\/v2\/pages"}],"about":[{"href":"https:\/\/commissionroyalehistoire.be\/fr\/wp-json\/wp\/v2\/types\/page"}],"author":[{"embeddable":true,"href":"https:\/\/commissionroyalehistoire.be\/fr\/wp-json\/wp\/v2\/users\/2"}],"replies":[{"embeddable":true,"href":"https:\/\/commissionroyalehistoire.be\/fr\/wp-json\/wp\/v2\/comments?post=3165"}],"version-history":[{"count":4,"href":"https:\/\/commissionroyalehistoire.be\/fr\/wp-json\/wp\/v2\/pages\/3165\/revisions"}],"predecessor-version":[{"id":3249,"href":"https:\/\/commissionroyalehistoire.be\/fr\/wp-json\/wp\/v2\/pages\/3165\/revisions\/3249"}],"wp:attachment":[{"href":"https:\/\/commissionroyalehistoire.be\/fr\/wp-json\/wp\/v2\/media?parent=3165"}],"curies":[{"name":"wp","href":"https:\/\/api.w.org\/{rel}","templated":true}]}}