{"id":2548,"date":"2023-03-30T12:20:40","date_gmt":"2023-03-30T10:20:40","guid":{"rendered":"https:\/\/commissionroyalehistoire.s303.be\/?page_id=2548"},"modified":"2023-09-21T11:10:59","modified_gmt":"2023-09-21T09:10:59","slug":"ouvrages-de-reference","status":"publish","type":"page","link":"https:\/\/commissionroyalehistoire.be\/fr\/ouvrages-de-reference\/","title":{"rendered":"Ouvrages de r\u00e9f\u00e9rence"},"content":{"rendered":"<p>[vc_row row_height_percent=\u00a0\u00bb0&Prime; override_padding=\u00a0\u00bbyes\u00a0\u00bb h_padding=\u00a0\u00bb2&Prime; top_padding=\u00a0\u00bb3&Prime; bottom_padding=\u00a0\u00bb3&Prime; overlay_alpha=\u00a0\u00bb50&Prime; gutter_size=\u00a0\u00bb3&Prime; column_width_percent=\u00a0\u00bb100&Prime; shift_y=\u00a0\u00bb0&Prime; z_index=\u00a0\u00bb0&Prime; uncode_shortcode_id=\u00a0\u00bb153498&Prime;][vc_column width=\u00a0\u00bb1\/1&Prime;][vc_custom_heading auto_text=\u00a0\u00bbyes\u00a0\u00bb text_color=\u00a0\u00bbaccent\u00a0\u00bb heading_semantic=\u00a0\u00bbh1&Prime; text_size=\u00a0\u00bbfontsize-723857&Prime; text_weight=\u00a0\u00bb400&Prime; text_height=\u00a0\u00bbfontheight-576653&Prime; text_space=\u00a0\u00bbfontspace-156327&Prime; separator=\u00a0\u00bbyes\u00a0\u00bb separator_double=\u00a0\u00bbyes\u00a0\u00bb uncode_shortcode_id=\u00a0\u00bb150576&Prime; text_color_type=\u00a0\u00bbuncode-palette\u00a0\u00bb][\/vc_custom_heading][vc_row_inner][vc_column_inner width=\u00a0\u00bb1\/1&Prime;][vc_column_text uncode_shortcode_id=\u00a0\u00bb802650&Prime;]Certains ouvrages de r\u00e9f\u00e9rence produits ou num\u00e9ris\u00e9s par la Commission peuvent \u00eatre consult\u00e9s ici.[\/vc_column_text][\/vc_column_inner][\/vc_row_inner][\/vc_column][\/vc_row][vc_row row_height_percent=\u00a0\u00bb0&Prime; override_padding=\u00a0\u00bbyes\u00a0\u00bb h_padding=\u00a0\u00bb2&Prime; top_padding=\u00a0\u00bb0&Prime; bottom_padding=\u00a0\u00bb3&Prime; overlay_alpha=\u00a0\u00bb50&Prime; gutter_size=\u00a0\u00bb3&Prime; column_width_percent=\u00a0\u00bb100&Prime; shift_y=\u00a0\u00bb0&Prime; z_index=\u00a0\u00bb0&Prime; uncode_shortcode_id=\u00a0\u00bb113237&Prime;][vc_column column_width_percent=\u00a0\u00bb100&Prime; gutter_size=\u00a0\u00bb2&Prime; overlay_alpha=\u00a0\u00bb50&Prime; shift_x=\u00a0\u00bb0&Prime; shift_y=\u00a0\u00bb0&Prime; shift_y_down=\u00a0\u00bb0&Prime; z_index=\u00a0\u00bb0&Prime; medium_width=\u00a0\u00bb0&Prime; mobile_width=\u00a0\u00bb0&Prime; width=\u00a0\u00bb1\/1&Prime; uncode_shortcode_id=\u00a0\u00bb771554&Prime;][vc_button button_color=\u00a0\u00bbaccent\u00a0\u00bb size=\u00a0\u00bblink\u00a0\u00bb link=\u00a0\u00bburl:%2Ffr%2Fouvrages-de-reference%2Fbibliographies%2F|title:Publicaties\u00a0\u00bb icon=\u00a0\u00bbfa fa-arrow-right2&Prime; uncode_shortcode_id=\u00a0\u00bb893365&Prime; button_color_type=\u00a0\u00bbuncode-palette\u00a0\u00bb]Bibliographies[\/vc_button][vc_button button_color=\u00a0\u00bbaccent\u00a0\u00bb size=\u00a0\u00bblink\u00a0\u00bb link=\u00a0\u00bburl:%2Ffr%2Fouvrages-de-reference%2Fcahiers-du-CIHC%2F|title:Publicaties\u00a0\u00bb icon=\u00a0\u00bbfa fa-arrow-right2&Prime; uncode_shortcode_id=\u00a0\u00bb375177&Prime; button_color_type=\u00a0\u00bbuncode-palette\u00a0\u00bb]Cahiers du CIHC[\/vc_button][vc_button button_color=\u00a0\u00bbaccent\u00a0\u00bb size=\u00a0\u00bblink\u00a0\u00bb link=\u00a0\u00bburl:%2Ffr%2Fouvrages-de-reference%2Flexique-moulins%2F|title:Publicaties\u00a0\u00bb icon=\u00a0\u00bbfa fa-arrow-right2&Prime; uncode_shortcode_id=\u00a0\u00bb911968&Prime; button_color_type=\u00a0\u00bbuncode-palette\u00a0\u00bb]Lexique moulins[\/vc_button][vc_button button_color=\u00a0\u00bbaccent\u00a0\u00bb size=\u00a0\u00bblink\u00a0\u00bb link=\u00a0\u00bburl:%2Ffr%2Fouvrages-de-reference%2Fmonasticon-belge%2F|title:Publicaties\u00a0\u00bb icon=\u00a0\u00bbfa fa-arrow-right2&Prime; uncode_shortcode_id=\u00a0\u00bb191084&Prime; button_color_type=\u00a0\u00bbuncode-palette\u00a0\u00bb]Monasticon belge[\/vc_button][\/vc_column][\/vc_row]<\/p>\n","protected":false},"excerpt":{"rendered":"<p>[vc_row row_height_percent=\u00a0\u00bb0&Prime; override_padding=\u00a0\u00bbyes\u00a0\u00bb h_padding=\u00a0\u00bb2&Prime; top_padding=\u00a0\u00bb3&Prime; bottom_padding=\u00a0\u00bb3&Prime; overlay_alpha=\u00a0\u00bb50&Prime; gutter_size=\u00a0\u00bb3&Prime; column_width_percent=\u00a0\u00bb100&Prime; shift_y=\u00a0\u00bb0&Prime; z_index=\u00a0\u00bb0&Prime; uncode_shortcode_id=\u00a0\u00bb153498&Prime;][vc_column width=\u00a0\u00bb1\/1&Prime;][vc_custom_heading auto_text=\u00a0\u00bbyes\u00a0\u00bb text_color=\u00a0\u00bbaccent\u00a0\u00bb heading_semantic=\u00a0\u00bbh1&Prime; text_size=\u00a0\u00bbfontsize-723857&Prime; text_weight=\u00a0\u00bb400&Prime; text_height=\u00a0\u00bbfontheight-576653&Prime; text_space=\u00a0\u00bbfontspace-156327&Prime; [&hellip;]<\/p>\n","protected":false},"author":1,"featured_media":0,"parent":0,"menu_order":0,"comment_status":"closed","ping_status":"closed","template":"","meta":[],"yoast_head":"<!-- This site is optimized with the Yoast SEO plugin v19.9 - https:\/\/yoast.com\/wordpress\/plugins\/seo\/ -->\n<title>Ouvrages de r\u00e9f\u00e9rence | Commission Royale d\u2019Histoire<\/title>\n<meta name=\"description\" content=\"Certains ouvrages de r\u00e9f\u00e9rence produits ou num\u00e9ris\u00e9s par la Commission peuvent \u00eatre consult\u00e9s ici\u2026\" \/>\n<meta name=\"robots\" content=\"index, follow, max-snippet:-1, max-image-preview:large, max-video-preview:-1\" \/>\n<link rel=\"canonical\" href=\"http:\/\/commissionroyalehistoire.be\/fr\/ouvrages-de-reference\/\" \/>\n<meta property=\"og:locale\" content=\"fr_FR\" \/>\n<meta property=\"og:type\" content=\"article\" \/>\n<meta property=\"og:title\" content=\"Ouvrages de r\u00e9f\u00e9rence | Commission Royale d\u2019Histoire\" \/>\n<meta property=\"og:description\" content=\"Certains ouvrages de r\u00e9f\u00e9rence produits ou num\u00e9ris\u00e9s par la Commission peuvent \u00eatre consult\u00e9s ici\u2026\" \/>\n<meta property=\"og:url\" content=\"http:\/\/commissionroyalehistoire.be\/fr\/ouvrages-de-reference\/\" \/>\n<meta property=\"og:site_name\" content=\"Commission Royale d\u2019Histoire\" \/>\n<meta property=\"article:modified_time\" content=\"2023-09-21T09:10:59+00:00\" \/>\n<meta name=\"twitter:card\" content=\"summary_large_image\" \/>\n<meta name=\"twitter:label1\" content=\"Dur\u00e9e de lecture estim\u00e9e\" \/>\n\t<meta name=\"twitter:data1\" content=\"1 minute\" \/>\n<script type=\"application\/ld+json\" class=\"yoast-schema-graph\">{\"@context\":\"https:\/\/schema.org\",\"@graph\":[{\"@type\":\"WebPage\",\"@id\":\"http:\/\/commissionroyalehistoire.be\/fr\/ouvrages-de-reference\/\",\"url\":\"http:\/\/commissionroyalehistoire.be\/fr\/ouvrages-de-reference\/\",\"name\":\"Ouvrages de r\u00e9f\u00e9rence | Commission Royale d\u2019Histoire\",\"isPartOf\":{\"@id\":\"http:\/\/commissionroyalehistoire.be\/nl\/#website\"},\"datePublished\":\"2023-03-30T10:20:40+00:00\",\"dateModified\":\"2023-09-21T09:10:59+00:00\",\"description\":\"Certains ouvrages de r\u00e9f\u00e9rence produits ou num\u00e9ris\u00e9s par la Commission peuvent \u00eatre consult\u00e9s ici\u2026\",\"breadcrumb\":{\"@id\":\"http:\/\/commissionroyalehistoire.be\/fr\/ouvrages-de-reference\/#breadcrumb\"},\"inLanguage\":\"fr-FR\",\"potentialAction\":[{\"@type\":\"ReadAction\",\"target\":[\"http:\/\/commissionroyalehistoire.be\/fr\/ouvrages-de-reference\/\"]}]},{\"@type\":\"BreadcrumbList\",\"@id\":\"http:\/\/commissionroyalehistoire.be\/fr\/ouvrages-de-reference\/#breadcrumb\",\"itemListElement\":[{\"@type\":\"ListItem\",\"position\":1,\"name\":\"Home\",\"item\":\"https:\/\/commissionroyalehistoire.be\/fr\/\"},{\"@type\":\"ListItem\",\"position\":2,\"name\":\"Ouvrages de r\u00e9f\u00e9rence\"}]},{\"@type\":\"WebSite\",\"@id\":\"http:\/\/commissionroyalehistoire.be\/nl\/#website\",\"url\":\"http:\/\/commissionroyalehistoire.be\/nl\/\",\"name\":\"Commission Royale d\u2019Histoire\",\"description\":\"Just another WordPress site\",\"potentialAction\":[{\"@type\":\"SearchAction\",\"target\":{\"@type\":\"EntryPoint\",\"urlTemplate\":\"http:\/\/commissionroyalehistoire.be\/nl\/?s={search_term_string}\"},\"query-input\":\"required name=search_term_string\"}],\"inLanguage\":\"fr-FR\"}]}<\/script>\n<!-- \/ Yoast SEO plugin. -->","yoast_head_json":{"title":"Ouvrages de r\u00e9f\u00e9rence | Commission Royale d\u2019Histoire","description":"Certains ouvrages de r\u00e9f\u00e9rence produits ou num\u00e9ris\u00e9s par la Commission peuvent \u00eatre consult\u00e9s ici\u2026","robots":{"index":"index","follow":"follow","max-snippet":"max-snippet:-1","max-image-preview":"max-image-preview:large","max-video-preview":"max-video-preview:-1"},"canonical":"http:\/\/commissionroyalehistoire.be\/fr\/ouvrages-de-reference\/","og_locale":"fr_FR","og_type":"article","og_title":"Ouvrages de r\u00e9f\u00e9rence | Commission Royale d\u2019Histoire","og_description":"Certains ouvrages de r\u00e9f\u00e9rence produits ou num\u00e9ris\u00e9s par la Commission peuvent \u00eatre consult\u00e9s ici\u2026","og_url":"http:\/\/commissionroyalehistoire.be\/fr\/ouvrages-de-reference\/","og_site_name":"Commission Royale d\u2019Histoire","article_modified_time":"2023-09-21T09:10:59+00:00","twitter_card":"summary_large_image","twitter_misc":{"Dur\u00e9e de lecture estim\u00e9e":"1 minute"},"schema":{"@context":"https:\/\/schema.org","@graph":[{"@type":"WebPage","@id":"http:\/\/commissionroyalehistoire.be\/fr\/ouvrages-de-reference\/","url":"http:\/\/commissionroyalehistoire.be\/fr\/ouvrages-de-reference\/","name":"Ouvrages de r\u00e9f\u00e9rence | Commission Royale d\u2019Histoire","isPartOf":{"@id":"http:\/\/commissionroyalehistoire.be\/nl\/#website"},"datePublished":"2023-03-30T10:20:40+00:00","dateModified":"2023-09-21T09:10:59+00:00","description":"Certains ouvrages de r\u00e9f\u00e9rence produits ou num\u00e9ris\u00e9s par la Commission peuvent \u00eatre consult\u00e9s ici\u2026","breadcrumb":{"@id":"http:\/\/commissionroyalehistoire.be\/fr\/ouvrages-de-reference\/#breadcrumb"},"inLanguage":"fr-FR","potentialAction":[{"@type":"ReadAction","target":["http:\/\/commissionroyalehistoire.be\/fr\/ouvrages-de-reference\/"]}]},{"@type":"BreadcrumbList","@id":"http:\/\/commissionroyalehistoire.be\/fr\/ouvrages-de-reference\/#breadcrumb","itemListElement":[{"@type":"ListItem","position":1,"name":"Home","item":"https:\/\/commissionroyalehistoire.be\/fr\/"},{"@type":"ListItem","position":2,"name":"Ouvrages de r\u00e9f\u00e9rence"}]},{"@type":"WebSite","@id":"http:\/\/commissionroyalehistoire.be\/nl\/#website","url":"http:\/\/commissionroyalehistoire.be\/nl\/","name":"Commission Royale d\u2019Histoire","description":"Just another WordPress site","potentialAction":[{"@type":"SearchAction","target":{"@type":"EntryPoint","urlTemplate":"http:\/\/commissionroyalehistoire.be\/nl\/?s={search_term_string}"},"query-input":"required name=search_term_string"}],"inLanguage":"fr-FR"}]}},"_links":{"self":[{"href":"https:\/\/commissionroyalehistoire.be\/fr\/wp-json\/wp\/v2\/pages\/2548"}],"collection":[{"href":"https:\/\/commissionroyalehistoire.be\/fr\/wp-json\/wp\/v2\/pages"}],"about":[{"href":"https:\/\/commissionroyalehistoire.be\/fr\/wp-json\/wp\/v2\/types\/page"}],"author":[{"embeddable":true,"href":"https:\/\/commissionroyalehistoire.be\/fr\/wp-json\/wp\/v2\/users\/1"}],"replies":[{"embeddable":true,"href":"https:\/\/commissionroyalehistoire.be\/fr\/wp-json\/wp\/v2\/comments?post=2548"}],"version-history":[{"count":4,"href":"https:\/\/commissionroyalehistoire.be\/fr\/wp-json\/wp\/v2\/pages\/2548\/revisions"}],"predecessor-version":[{"id":3005,"href":"https:\/\/commissionroyalehistoire.be\/fr\/wp-json\/wp\/v2\/pages\/2548\/revisions\/3005"}],"wp:attachment":[{"href":"https:\/\/commissionroyalehistoire.be\/fr\/wp-json\/wp\/v2\/media?parent=2548"}],"curies":[{"name":"wp","href":"https:\/\/api.w.org\/{rel}","templated":true}]}}