{"id":2550,"date":"2022-12-01T13:01:20","date_gmt":"2022-12-01T12:01:20","guid":{"rendered":"https:\/\/commissionroyalehistoire.s303.be\/?page_id=2550"},"modified":"2026-03-18T15:17:02","modified_gmt":"2026-03-18T14:17:02","slug":"bibliographies","status":"publish","type":"page","link":"https:\/\/commissionroyalehistoire.be\/en\/reference-works\/bibliographies\/","title":{"rendered":"Bibliographies"},"content":{"rendered":"<p>[vc_row row_height_percent=&#8221;0&#8243; override_padding=&#8221;yes&#8221; h_padding=&#8221;2&#8243; top_padding=&#8221;3&#8243; bottom_padding=&#8221;3&#8243; overlay_alpha=&#8221;50&#8243; gutter_size=&#8221;3&#8243; column_width_percent=&#8221;100&#8243; shift_y=&#8221;0&#8243; z_index=&#8221;0&#8243; uncode_shortcode_id=&#8221;153498&#8243;][vc_column width=&#8221;1\/1&#8243;][vc_custom_heading auto_text=&#8221;yes&#8221; text_color=&#8221;accent&#8221; heading_semantic=&#8221;h1&#8243; text_size=&#8221;fontsize-723857&#8243; text_weight=&#8221;400&#8243; text_height=&#8221;fontheight-576653&#8243; text_space=&#8221;fontspace-156327&#8243; separator=&#8221;yes&#8221; separator_double=&#8221;yes&#8221; uncode_shortcode_id=&#8221;150576&#8243; text_color_type=&#8221;uncode-palette&#8221;][\/vc_custom_heading][\/vc_column][\/vc_row][vc_row row_height_percent=&#8221;0&#8243; override_padding=&#8221;yes&#8221; h_padding=&#8221;2&#8243; top_padding=&#8221;0&#8243; bottom_padding=&#8221;3&#8243; overlay_alpha=&#8221;50&#8243; gutter_size=&#8221;3&#8243; column_width_percent=&#8221;100&#8243; shift_y=&#8221;0&#8243; z_index=&#8221;0&#8243; uncode_shortcode_id=&#8221;203068&#8243;][vc_column column_width_percent=&#8221;100&#8243; gutter_size=&#8221;3&#8243; overlay_alpha=&#8221;50&#8243; shift_x=&#8221;0&#8243; shift_y=&#8221;0&#8243; shift_y_down=&#8221;0&#8243; z_index=&#8221;0&#8243; medium_width=&#8221;0&#8243; mobile_width=&#8221;0&#8243; width=&#8221;1\/1&#8243; uncode_shortcode_id=&#8221;687542&#8243;][vc_custom_heading text_font=&#8221;font-177168&#8243; text_size=&#8221;h3&#8243; text_weight=&#8221;500&#8243; text_transform=&#8221;uppercase&#8221; text_space=&#8221;fontspace-137517&#8243; uncode_shortcode_id=&#8221;172054&#8243;]<span class=\"link-underline\"> Bibliography of the history of Belgium<\/span>[\/vc_custom_heading][vc_column_text uncode_shortcode_id=&#8221;108070&#8243;]Since 1 October 2012, the Royal Commission of History helps realizing The bibliography of the History of Belgium (Bibliografie van de Geschiedenis van Belgi\u00eb \/ Bibliographie de l\u2019Histoire de Belgique (BGB-BHB)), a research tool that offers a wide selection of titles of Belgian and foreign books and articles about the history of Belgium.<br \/>\nThe initiative is the continuation of the bibliography published since 1953 in the <em>Revue belge de Philologie et d\u2019Histoire \/ Belgisch Tijdschrift voor Filologie en Geschiedenis<\/em> (RBPH\/BTFG) and authored until 2008 by a group of volunteers under the direction of Prof. dr. Romain Van Eenoo.<\/p>\n<p>The current reference work is the fruit of the work of three partner organisations: the Royal Commission of History, the State Archives and the non-profit organisation <strong><a href=\"http:\/\/www.rbph-btfg.be\/en_societe.html\" target=\"_blank\" rel=\"noopener\">Soci\u00e9t\u00e9 pour le Progr\u00e8s des \u00c9tudes Philologiques et Historiques<\/a><\/strong> (editor of RBPH\/BTFG).<br \/>\nA printed version of each volume is published in <em>Revue belge de Philologie et d\u2019Histoire \/ Belgisch Tijdschrift voor Filologie en Geschiedenis<\/em>. Furthermore, all volumes of the Bibliography of the History of Belgium (1953-2008) can be consulted, searched and downloaded as PDF files on the <strong><a href=\"http:\/\/www.rbph-btfg.be\/en_biblio.html\" target=\"_blank\" rel=\"noopener\">website of the journal<\/a><\/strong>.<br \/>\nAlso, all title descriptions since volume 2009 are fed into the<strong> <a href=\"http:\/\/biblio.arch.be\/webopac\/Vubis.csp?OpacLanguage=eng\" target=\"_blank\" rel=\"noopener\">electronic data base Vubis<\/a><\/strong> of the <strong><a href=\"http:\/\/www.arch.be\/index.php?lang=nl_BE\" target=\"_blank\" rel=\"noopener\">National Archives<\/a><\/strong>.<\/p>\n<p><strong>Both the Bibliography of the History of Belgium and the catalogue of the State Archives can be consulted free of charge.<\/strong><br \/>\n<strong><br \/>\n<a href=\"http:\/\/biblio.arch.be\/webopac\/Vubis.csp?OpacLanguage=eng\" target=\"_blank\" rel=\"noopener\">Click here to search the Bibliography of the History of Belgium<\/a><\/strong><\/p>\n<p>[\/vc_column_text][vc_empty_space empty_h=&#8221;2&#8243;][vc_custom_heading text_font=&#8221;font-177168&#8243; text_size=&#8221;h3&#8243; text_weight=&#8221;500&#8243; text_transform=&#8221;uppercase&#8221; text_space=&#8221;fontspace-137517&#8243; uncode_shortcode_id=&#8221;101125&#8243;]<span class=\"link-underline\"> Bibliography of the history of Congo and Rwanda-Burundi<\/span>[\/vc_custom_heading][vc_button button_color=&#8221;accent&#8221; size=&#8221;link&#8221; link=&#8221;url:https%3A%2F%2Fwww.arch.be%2Findex.php%3Fl%3Dnl%26m%3Dlopend-onderzoek%26r%3Donderzoeksprojecten%26pr%3Dbibliocongo-een-bibliografie-van-de-geschiedenis-van-belgisch-congo-en-rwanda-urundi-1997-2020|target:_blank&#8221; button_color_type=&#8221;uncode-palette&#8221; icon=&#8221;fa fa-open&#8221; uncode_shortcode_id=&#8221;209658&#8243;]www.arch.be[\/vc_button][vc_column_text uncode_shortcode_id=&#8221;119431&#8243;]Genin, V., <em>Bibliographie historique de la RD Congo, du Rwanda et du Burundi sous le r\u00e9gime colonial (travaux de 1997 \u00e0 2024)<\/em>. Peeters Publishers, Leuven (2025). Sources on Belgian History, ISBN: 9789042955387, 301 p. [<a href=\"https:\/\/www.peeters-leuven.be\/detail.php?search_key=9789042955387&amp;series_number_str=0&amp;lang=en\">open access<\/a>].[\/vc_column_text][\/vc_column][\/vc_row]<\/p>\n","protected":false},"excerpt":{"rendered":"<p>[vc_row row_height_percent=&#8221;0&#8243; override_padding=&#8221;yes&#8221; h_padding=&#8221;2&#8243; top_padding=&#8221;3&#8243; bottom_padding=&#8221;3&#8243; overlay_alpha=&#8221;50&#8243; gutter_size=&#8221;3&#8243; column_width_percent=&#8221;100&#8243; shift_y=&#8221;0&#8243; z_index=&#8221;0&#8243; uncode_shortcode_id=&#8221;153498&#8243;][vc_column width=&#8221;1\/1&#8243;][vc_custom_heading auto_text=&#8221;yes&#8221; text_color=&#8221;accent&#8221; heading_semantic=&#8221;h1&#8243; text_size=&#8221;fontsize-723857&#8243; text_weight=&#8221;400&#8243; text_height=&#8221;fontheight-576653&#8243; text_space=&#8221;fontspace-156327&#8243; [&hellip;]<\/p>\n","protected":false},"author":1,"featured_media":0,"parent":2546,"menu_order":0,"comment_status":"closed","ping_status":"closed","template":"","meta":[],"yoast_head":"<!-- This site is optimized with the Yoast SEO plugin v19.9 - https:\/\/yoast.com\/wordpress\/plugins\/seo\/ -->\n<title>Bibliographies | Royal Historical Commission<\/title>\n<meta name=\"description\" content=\"Since 1 October 2012, the Royal Commission of History helps realizing The bibliography of the History of Belgium (Bibliografie van de Geschiedenis van Belgi\u00eb \/ Bibliographie de l\u2019Histoire de Belgique (BGB-BHB)), a research tool that offers a wide selection of titles of Belgian and foreign books and articles about the history of Belgium.\" \/>\n<meta name=\"robots\" content=\"index, follow, max-snippet:-1, max-image-preview:large, max-video-preview:-1\" \/>\n<link rel=\"canonical\" href=\"https:\/\/commissionroyalehistoire.be\/en\/reference-works\/bibliographies\/\" \/>\n<meta property=\"og:locale\" content=\"en_US\" \/>\n<meta property=\"og:type\" content=\"article\" \/>\n<meta property=\"og:title\" content=\"Bibliographies | Royal Historical Commission\" \/>\n<meta property=\"og:description\" content=\"Since 1 October 2012, the Royal Commission of History helps realizing The bibliography of the History of Belgium (Bibliografie van de Geschiedenis van Belgi\u00eb \/ Bibliographie de l\u2019Histoire de Belgique (BGB-BHB)), a research tool that offers a wide selection of titles of Belgian and foreign books and articles about the history of Belgium.\" \/>\n<meta property=\"og:url\" content=\"https:\/\/commissionroyalehistoire.be\/en\/reference-works\/bibliographies\/\" \/>\n<meta property=\"og:site_name\" content=\"Royal Historical Commission\" \/>\n<meta property=\"article:modified_time\" content=\"2026-03-18T14:17:02+00:00\" \/>\n<meta name=\"twitter:card\" content=\"summary_large_image\" \/>\n<meta name=\"twitter:label1\" content=\"Est. reading time\" \/>\n\t<meta name=\"twitter:data1\" content=\"2 minutes\" \/>\n<script type=\"application\/ld+json\" class=\"yoast-schema-graph\">{\"@context\":\"https:\/\/schema.org\",\"@graph\":[{\"@type\":\"WebPage\",\"@id\":\"https:\/\/commissionroyalehistoire.be\/en\/reference-works\/bibliographies\/\",\"url\":\"https:\/\/commissionroyalehistoire.be\/en\/reference-works\/bibliographies\/\",\"name\":\"Bibliographies | Royal Historical Commission\",\"isPartOf\":{\"@id\":\"http:\/\/commissionroyalehistoire.be\/nl\/#website\"},\"datePublished\":\"2022-12-01T12:01:20+00:00\",\"dateModified\":\"2026-03-18T14:17:02+00:00\",\"description\":\"Since 1 October 2012, the Royal Commission of History helps realizing The bibliography of the History of Belgium (Bibliografie van de Geschiedenis van Belgi\u00eb \/ Bibliographie de l\u2019Histoire de Belgique (BGB-BHB)), a research tool that offers a wide selection of titles of Belgian and foreign books and articles about the history of Belgium.\",\"breadcrumb\":{\"@id\":\"https:\/\/commissionroyalehistoire.be\/en\/reference-works\/bibliographies\/#breadcrumb\"},\"inLanguage\":\"en-US\",\"potentialAction\":[{\"@type\":\"ReadAction\",\"target\":[\"https:\/\/commissionroyalehistoire.be\/en\/reference-works\/bibliographies\/\"]}]},{\"@type\":\"BreadcrumbList\",\"@id\":\"https:\/\/commissionroyalehistoire.be\/en\/reference-works\/bibliographies\/#breadcrumb\",\"itemListElement\":[{\"@type\":\"ListItem\",\"position\":1,\"name\":\"Home\",\"item\":\"https:\/\/commissionroyalehistoire.be\/en\/\"},{\"@type\":\"ListItem\",\"position\":2,\"name\":\"Reference works\",\"item\":\"https:\/\/commissionroyalehistoire.be\/en\/reference-works\/\"},{\"@type\":\"ListItem\",\"position\":3,\"name\":\"Bibliographies\"}]},{\"@type\":\"WebSite\",\"@id\":\"http:\/\/commissionroyalehistoire.be\/nl\/#website\",\"url\":\"http:\/\/commissionroyalehistoire.be\/nl\/\",\"name\":\"Royal Historical Commission\",\"description\":\"Just another WordPress site\",\"potentialAction\":[{\"@type\":\"SearchAction\",\"target\":{\"@type\":\"EntryPoint\",\"urlTemplate\":\"http:\/\/commissionroyalehistoire.be\/nl\/?s={search_term_string}\"},\"query-input\":\"required name=search_term_string\"}],\"inLanguage\":\"en-US\"}]}<\/script>\n<!-- \/ Yoast SEO plugin. -->","yoast_head_json":{"title":"Bibliographies | Royal Historical Commission","description":"Since 1 October 2012, the Royal Commission of History helps realizing The bibliography of the History of Belgium (Bibliografie van de Geschiedenis van Belgi\u00eb \/ Bibliographie de l\u2019Histoire de Belgique (BGB-BHB)), a research tool that offers a wide selection of titles of Belgian and foreign books and articles about the history of Belgium.","robots":{"index":"index","follow":"follow","max-snippet":"max-snippet:-1","max-image-preview":"max-image-preview:large","max-video-preview":"max-video-preview:-1"},"canonical":"https:\/\/commissionroyalehistoire.be\/en\/reference-works\/bibliographies\/","og_locale":"en_US","og_type":"article","og_title":"Bibliographies | Royal Historical Commission","og_description":"Since 1 October 2012, the Royal Commission of History helps realizing The bibliography of the History of Belgium (Bibliografie van de Geschiedenis van Belgi\u00eb \/ Bibliographie de l\u2019Histoire de Belgique (BGB-BHB)), a research tool that offers a wide selection of titles of Belgian and foreign books and articles about the history of Belgium.","og_url":"https:\/\/commissionroyalehistoire.be\/en\/reference-works\/bibliographies\/","og_site_name":"Royal Historical Commission","article_modified_time":"2026-03-18T14:17:02+00:00","twitter_card":"summary_large_image","twitter_misc":{"Est. reading time":"2 minutes"},"schema":{"@context":"https:\/\/schema.org","@graph":[{"@type":"WebPage","@id":"https:\/\/commissionroyalehistoire.be\/en\/reference-works\/bibliographies\/","url":"https:\/\/commissionroyalehistoire.be\/en\/reference-works\/bibliographies\/","name":"Bibliographies | Royal Historical Commission","isPartOf":{"@id":"http:\/\/commissionroyalehistoire.be\/nl\/#website"},"datePublished":"2022-12-01T12:01:20+00:00","dateModified":"2026-03-18T14:17:02+00:00","description":"Since 1 October 2012, the Royal Commission of History helps realizing The bibliography of the History of Belgium (Bibliografie van de Geschiedenis van Belgi\u00eb \/ Bibliographie de l\u2019Histoire de Belgique (BGB-BHB)), a research tool that offers a wide selection of titles of Belgian and foreign books and articles about the history of Belgium.","breadcrumb":{"@id":"https:\/\/commissionroyalehistoire.be\/en\/reference-works\/bibliographies\/#breadcrumb"},"inLanguage":"en-US","potentialAction":[{"@type":"ReadAction","target":["https:\/\/commissionroyalehistoire.be\/en\/reference-works\/bibliographies\/"]}]},{"@type":"BreadcrumbList","@id":"https:\/\/commissionroyalehistoire.be\/en\/reference-works\/bibliographies\/#breadcrumb","itemListElement":[{"@type":"ListItem","position":1,"name":"Home","item":"https:\/\/commissionroyalehistoire.be\/en\/"},{"@type":"ListItem","position":2,"name":"Reference works","item":"https:\/\/commissionroyalehistoire.be\/en\/reference-works\/"},{"@type":"ListItem","position":3,"name":"Bibliographies"}]},{"@type":"WebSite","@id":"http:\/\/commissionroyalehistoire.be\/nl\/#website","url":"http:\/\/commissionroyalehistoire.be\/nl\/","name":"Royal Historical Commission","description":"Just another WordPress site","potentialAction":[{"@type":"SearchAction","target":{"@type":"EntryPoint","urlTemplate":"http:\/\/commissionroyalehistoire.be\/nl\/?s={search_term_string}"},"query-input":"required name=search_term_string"}],"inLanguage":"en-US"}]}},"_links":{"self":[{"href":"https:\/\/commissionroyalehistoire.be\/en\/wp-json\/wp\/v2\/pages\/2550"}],"collection":[{"href":"https:\/\/commissionroyalehistoire.be\/en\/wp-json\/wp\/v2\/pages"}],"about":[{"href":"https:\/\/commissionroyalehistoire.be\/en\/wp-json\/wp\/v2\/types\/page"}],"author":[{"embeddable":true,"href":"https:\/\/commissionroyalehistoire.be\/en\/wp-json\/wp\/v2\/users\/1"}],"replies":[{"embeddable":true,"href":"https:\/\/commissionroyalehistoire.be\/en\/wp-json\/wp\/v2\/comments?post=2550"}],"version-history":[{"count":5,"href":"https:\/\/commissionroyalehistoire.be\/en\/wp-json\/wp\/v2\/pages\/2550\/revisions"}],"predecessor-version":[{"id":3418,"href":"https:\/\/commissionroyalehistoire.be\/en\/wp-json\/wp\/v2\/pages\/2550\/revisions\/3418"}],"up":[{"embeddable":true,"href":"https:\/\/commissionroyalehistoire.be\/en\/wp-json\/wp\/v2\/pages\/2546"}],"wp:attachment":[{"href":"https:\/\/commissionroyalehistoire.be\/en\/wp-json\/wp\/v2\/media?parent=2550"}],"curies":[{"name":"wp","href":"https:\/\/api.w.org\/{rel}","templated":true}]}}