{"id":2522,"date":"2022-10-25T09:10:21","date_gmt":"2022-10-25T07:10:21","guid":{"rendered":"https:\/\/commissionroyalehistoire.s303.be\/?page_id=2522"},"modified":"2024-04-15T16:50:51","modified_gmt":"2024-04-15T14:50:51","slug":"partnerships","status":"publish","type":"page","link":"https:\/\/commissionroyalehistoire.be\/en\/commission\/partnerships\/","title":{"rendered":"Partnerships"},"content":{"rendered":"<p>[vc_row row_height_percent=&#8221;0&#8243; override_padding=&#8221;yes&#8221; h_padding=&#8221;2&#8243; top_padding=&#8221;3&#8243; bottom_padding=&#8221;3&#8243; overlay_alpha=&#8221;50&#8243; gutter_size=&#8221;3&#8243; column_width_percent=&#8221;100&#8243; shift_y=&#8221;0&#8243; z_index=&#8221;0&#8243; uncode_shortcode_id=&#8221;430477&#8243;][vc_column width=&#8221;1\/1&#8243;][vc_custom_heading auto_text=&#8221;yes&#8221; text_color=&#8221;accent&#8221; heading_semantic=&#8221;h1&#8243; text_size=&#8221;fontsize-723857&#8243; text_weight=&#8221;400&#8243; text_height=&#8221;fontheight-576653&#8243; text_space=&#8221;fontspace-156327&#8243; separator=&#8221;yes&#8221; separator_double=&#8221;yes&#8221; uncode_shortcode_id=&#8221;150576&#8243; text_color_type=&#8221;uncode-palette&#8221;][\/vc_custom_heading][\/vc_column][\/vc_row][vc_row row_height_percent=&#8221;0&#8243; override_padding=&#8221;yes&#8221; h_padding=&#8221;2&#8243; top_padding=&#8221;0&#8243; bottom_padding=&#8221;3&#8243; overlay_alpha=&#8221;50&#8243; gutter_size=&#8221;3&#8243; column_width_percent=&#8221;100&#8243; shift_y=&#8221;0&#8243; z_index=&#8221;0&#8243; uncode_shortcode_id=&#8221;137941&#8243;][vc_column column_width_percent=&#8221;100&#8243; gutter_size=&#8221;2&#8243; overlay_alpha=&#8221;50&#8243; shift_x=&#8221;0&#8243; shift_y=&#8221;0&#8243; shift_y_down=&#8221;0&#8243; z_index=&#8221;0&#8243; medium_width=&#8221;0&#8243; mobile_width=&#8221;0&#8243; width=&#8221;1\/1&#8243; uncode_shortcode_id=&#8221;156742&#8243;][vc_custom_heading text_font=&#8221;font-177168&#8243; text_size=&#8221;h3&#8243; text_weight=&#8221;500&#8243; text_transform=&#8221;uppercase&#8221; text_space=&#8221;fontspace-137517&#8243; uncode_shortcode_id=&#8221;133888&#8243;]<span class=\"link-underline\">Partnership &#8211; National <\/span>[\/vc_custom_heading][vc_empty_space empty_h=&#8221;1&#8243;][vc_custom_heading text_color=&#8221;color-319448&#8243; heading_semantic=&#8221;h4&#8243; text_font=&#8221;font-151034&#8243; text_size=&#8221;h4&#8243; uncode_shortcode_id=&#8221;152943&#8243; text_color_type=&#8221;uncode-palette&#8221;]Universiteit Gent[\/vc_custom_heading][vc_column_text uncode_shortcode_id=&#8221;801652&#8243;]An agreement has been concluded with this university with a view to producing a new software program to improve performance as regards the consultation of the <em><a href=\"http:\/\/www.narrative-sources.be\/\" target=\"_blank\" rel=\"noopener\">Narrative Sources<\/a><\/em> database. It lists the narrative sources of the Netherlands in mediaeval times (Prof. Jeroen Deploige\u00a0and Guy De Tr\u00e9).[\/vc_column_text][vc_empty_space empty_h=&#8221;2&#8243;][vc_custom_heading text_color=&#8221;color-319448&#8243; heading_semantic=&#8221;h4&#8243; text_font=&#8221;font-151034&#8243; text_size=&#8221;h4&#8243; uncode_shortcode_id=&#8221;135867&#8243; text_color_type=&#8221;uncode-palette&#8221;]Universit\u00e9 libre de Bruxelles[\/vc_custom_heading][vc_column_text uncode_shortcode_id=&#8221;140622&#8243;]The preparation to edit the Acts of the Dukes of Brabant (Prof. Alain Dierkens and M. David Guilardian) is continuing.[\/vc_column_text][vc_empty_space empty_h=&#8221;2&#8243;][vc_custom_heading text_color=&#8221;color-319448&#8243; heading_semantic=&#8221;h4&#8243; text_font=&#8221;font-151034&#8243; text_size=&#8221;h4&#8243; uncode_shortcode_id=&#8221;113287&#8243; text_color_type=&#8221;uncode-palette&#8221;]State Archives in Belgium \/ Soci\u00e9t\u00e9 pour le Progr\u00e8s des Etudes philologiques et historiques[\/vc_custom_heading][vc_column_text uncode_shortcode_id=&#8221;171014&#8243;]The Royal Historical Commission has concluded a partnership with both institutions to continue the Bibliography of the History of Belgium.[\/vc_column_text][\/vc_column][\/vc_row][vc_row row_height_percent=&#8221;0&#8243; override_padding=&#8221;yes&#8221; h_padding=&#8221;2&#8243; top_padding=&#8221;0&#8243; bottom_padding=&#8221;3&#8243; overlay_alpha=&#8221;50&#8243; gutter_size=&#8221;3&#8243; column_width_percent=&#8221;100&#8243; shift_y=&#8221;0&#8243; z_index=&#8221;0&#8243; uncode_shortcode_id=&#8221;141043&#8243;][vc_column column_width_percent=&#8221;100&#8243; gutter_size=&#8221;2&#8243; overlay_alpha=&#8221;50&#8243; shift_x=&#8221;0&#8243; shift_y=&#8221;0&#8243; shift_y_down=&#8221;0&#8243; z_index=&#8221;0&#8243; medium_width=&#8221;0&#8243; mobile_width=&#8221;0&#8243; width=&#8221;1\/1&#8243; uncode_shortcode_id=&#8221;102107&#8243;][vc_custom_heading text_font=&#8221;font-177168&#8243; text_size=&#8221;h3&#8243; text_weight=&#8221;500&#8243; text_transform=&#8221;uppercase&#8221; text_space=&#8221;fontspace-137517&#8243; uncode_shortcode_id=&#8221;185396&#8243;]<span class=\"link-underline\">Partnership &#8211; International<\/span>[\/vc_custom_heading][vc_empty_space empty_h=&#8221;1&#8243;][vc_custom_heading text_color=&#8221;color-319448&#8243; heading_semantic=&#8221;h4&#8243; text_font=&#8221;font-151034&#8243; text_size=&#8221;h4&#8243; uncode_shortcode_id=&#8221;741535&#8243; text_color_type=&#8221;uncode-palette&#8221;]Monumenta paleographica Medii Aevi[\/vc_custom_heading][vc_column_text uncode_shortcode_id=&#8221;263360&#8243;]The <em>Monumenta Paleographica<\/em> <em>Medii Aevi<\/em> is a European venture, sponsored by the International Academic Union.<br \/>\nBelgium\u2019s two Scientific Academies, the Royal Academy of Sciences, Literature, and Fine Arts of Belgium, and the Royal Flemish Academy of Belgium for Science and the Arts, made a suggestion. They proposed that the Commission, given its experience and expertise, should take scientific responsibility for the <em>Series Belgica<\/em>.<\/p>\n<p>A subcommittee of the Royal Historical Commission therefore officiates as the Belgian section of this project. It is composed of our fellow colleagues Th\u00e9r\u00e8se de Hemptinne, Jean-Louis Kupper and Walter Prevenier. The person replacing the late Pierre Cockshaw has yet to be named.<\/p>\n<p>Featuring among the envisaged projects is the editing of certificates of authenticity regarding the relics of saints.[\/vc_column_text][\/vc_column][\/vc_row]<\/p>\n","protected":false},"excerpt":{"rendered":"<p>[vc_row row_height_percent=&#8221;0&#8243; override_padding=&#8221;yes&#8221; h_padding=&#8221;2&#8243; top_padding=&#8221;3&#8243; bottom_padding=&#8221;3&#8243; overlay_alpha=&#8221;50&#8243; gutter_size=&#8221;3&#8243; column_width_percent=&#8221;100&#8243; shift_y=&#8221;0&#8243; z_index=&#8221;0&#8243; uncode_shortcode_id=&#8221;430477&#8243;][vc_column width=&#8221;1\/1&#8243;][vc_custom_heading auto_text=&#8221;yes&#8221; text_color=&#8221;accent&#8221; heading_semantic=&#8221;h1&#8243; text_size=&#8221;fontsize-723857&#8243; text_weight=&#8221;400&#8243; text_height=&#8221;fontheight-576653&#8243; text_space=&#8221;fontspace-156327&#8243; [&hellip;]<\/p>\n","protected":false},"author":1,"featured_media":0,"parent":2498,"menu_order":0,"comment_status":"closed","ping_status":"closed","template":"","meta":[],"yoast_head":"<!-- This site is optimized with the Yoast SEO plugin v19.9 - https:\/\/yoast.com\/wordpress\/plugins\/seo\/ -->\n<title>Partnerships | Royal Historical Commission<\/title>\n<meta name=\"description\" content=\"On this page you can find the national and international partners of the RHC\u2026\" \/>\n<meta name=\"robots\" content=\"index, follow, max-snippet:-1, max-image-preview:large, max-video-preview:-1\" \/>\n<link rel=\"canonical\" href=\"http:\/\/commissionroyalehistoire.be\/en\/commission\/partnerships\/\" \/>\n<meta property=\"og:locale\" content=\"en_US\" \/>\n<meta property=\"og:type\" content=\"article\" \/>\n<meta property=\"og:title\" content=\"Partnerships | Royal Historical Commission\" \/>\n<meta property=\"og:description\" content=\"On this page you can find the national and international partners of the RHC\u2026\" \/>\n<meta property=\"og:url\" content=\"http:\/\/commissionroyalehistoire.be\/en\/commission\/partnerships\/\" \/>\n<meta property=\"og:site_name\" content=\"Royal Historical Commission\" \/>\n<meta property=\"article:modified_time\" content=\"2024-04-15T14:50:51+00:00\" \/>\n<meta name=\"twitter:card\" content=\"summary_large_image\" \/>\n<meta name=\"twitter:label1\" content=\"Est. reading time\" \/>\n\t<meta name=\"twitter:data1\" content=\"2 minutes\" \/>\n<script type=\"application\/ld+json\" class=\"yoast-schema-graph\">{\"@context\":\"https:\/\/schema.org\",\"@graph\":[{\"@type\":\"WebPage\",\"@id\":\"http:\/\/commissionroyalehistoire.be\/en\/commission\/partnerships\/\",\"url\":\"http:\/\/commissionroyalehistoire.be\/en\/commission\/partnerships\/\",\"name\":\"Partnerships | Royal Historical Commission\",\"isPartOf\":{\"@id\":\"http:\/\/commissionroyalehistoire.be\/nl\/#website\"},\"datePublished\":\"2022-10-25T07:10:21+00:00\",\"dateModified\":\"2024-04-15T14:50:51+00:00\",\"description\":\"On this page you can find the national and international partners of the RHC\u2026\",\"breadcrumb\":{\"@id\":\"http:\/\/commissionroyalehistoire.be\/en\/commission\/partnerships\/#breadcrumb\"},\"inLanguage\":\"en-US\",\"potentialAction\":[{\"@type\":\"ReadAction\",\"target\":[\"http:\/\/commissionroyalehistoire.be\/en\/commission\/partnerships\/\"]}]},{\"@type\":\"BreadcrumbList\",\"@id\":\"http:\/\/commissionroyalehistoire.be\/en\/commission\/partnerships\/#breadcrumb\",\"itemListElement\":[{\"@type\":\"ListItem\",\"position\":1,\"name\":\"Home\",\"item\":\"https:\/\/commissionroyalehistoire.be\/en\/\"},{\"@type\":\"ListItem\",\"position\":2,\"name\":\"Commission\",\"item\":\"http:\/\/commissionroyalehistoire.be\/en\/commission\/\"},{\"@type\":\"ListItem\",\"position\":3,\"name\":\"Partnerships\"}]},{\"@type\":\"WebSite\",\"@id\":\"http:\/\/commissionroyalehistoire.be\/nl\/#website\",\"url\":\"http:\/\/commissionroyalehistoire.be\/nl\/\",\"name\":\"Royal Historical Commission\",\"description\":\"Just another WordPress site\",\"potentialAction\":[{\"@type\":\"SearchAction\",\"target\":{\"@type\":\"EntryPoint\",\"urlTemplate\":\"http:\/\/commissionroyalehistoire.be\/nl\/?s={search_term_string}\"},\"query-input\":\"required name=search_term_string\"}],\"inLanguage\":\"en-US\"}]}<\/script>\n<!-- \/ Yoast SEO plugin. -->","yoast_head_json":{"title":"Partnerships | Royal Historical Commission","description":"On this page you can find the national and international partners of the RHC\u2026","robots":{"index":"index","follow":"follow","max-snippet":"max-snippet:-1","max-image-preview":"max-image-preview:large","max-video-preview":"max-video-preview:-1"},"canonical":"http:\/\/commissionroyalehistoire.be\/en\/commission\/partnerships\/","og_locale":"en_US","og_type":"article","og_title":"Partnerships | Royal Historical Commission","og_description":"On this page you can find the national and international partners of the RHC\u2026","og_url":"http:\/\/commissionroyalehistoire.be\/en\/commission\/partnerships\/","og_site_name":"Royal Historical Commission","article_modified_time":"2024-04-15T14:50:51+00:00","twitter_card":"summary_large_image","twitter_misc":{"Est. reading time":"2 minutes"},"schema":{"@context":"https:\/\/schema.org","@graph":[{"@type":"WebPage","@id":"http:\/\/commissionroyalehistoire.be\/en\/commission\/partnerships\/","url":"http:\/\/commissionroyalehistoire.be\/en\/commission\/partnerships\/","name":"Partnerships | Royal Historical Commission","isPartOf":{"@id":"http:\/\/commissionroyalehistoire.be\/nl\/#website"},"datePublished":"2022-10-25T07:10:21+00:00","dateModified":"2024-04-15T14:50:51+00:00","description":"On this page you can find the national and international partners of the RHC\u2026","breadcrumb":{"@id":"http:\/\/commissionroyalehistoire.be\/en\/commission\/partnerships\/#breadcrumb"},"inLanguage":"en-US","potentialAction":[{"@type":"ReadAction","target":["http:\/\/commissionroyalehistoire.be\/en\/commission\/partnerships\/"]}]},{"@type":"BreadcrumbList","@id":"http:\/\/commissionroyalehistoire.be\/en\/commission\/partnerships\/#breadcrumb","itemListElement":[{"@type":"ListItem","position":1,"name":"Home","item":"https:\/\/commissionroyalehistoire.be\/en\/"},{"@type":"ListItem","position":2,"name":"Commission","item":"http:\/\/commissionroyalehistoire.be\/en\/commission\/"},{"@type":"ListItem","position":3,"name":"Partnerships"}]},{"@type":"WebSite","@id":"http:\/\/commissionroyalehistoire.be\/nl\/#website","url":"http:\/\/commissionroyalehistoire.be\/nl\/","name":"Royal Historical Commission","description":"Just another WordPress site","potentialAction":[{"@type":"SearchAction","target":{"@type":"EntryPoint","urlTemplate":"http:\/\/commissionroyalehistoire.be\/nl\/?s={search_term_string}"},"query-input":"required name=search_term_string"}],"inLanguage":"en-US"}]}},"_links":{"self":[{"href":"https:\/\/commissionroyalehistoire.be\/en\/wp-json\/wp\/v2\/pages\/2522"}],"collection":[{"href":"https:\/\/commissionroyalehistoire.be\/en\/wp-json\/wp\/v2\/pages"}],"about":[{"href":"https:\/\/commissionroyalehistoire.be\/en\/wp-json\/wp\/v2\/types\/page"}],"author":[{"embeddable":true,"href":"https:\/\/commissionroyalehistoire.be\/en\/wp-json\/wp\/v2\/users\/1"}],"replies":[{"embeddable":true,"href":"https:\/\/commissionroyalehistoire.be\/en\/wp-json\/wp\/v2\/comments?post=2522"}],"version-history":[{"count":5,"href":"https:\/\/commissionroyalehistoire.be\/en\/wp-json\/wp\/v2\/pages\/2522\/revisions"}],"predecessor-version":[{"id":3226,"href":"https:\/\/commissionroyalehistoire.be\/en\/wp-json\/wp\/v2\/pages\/2522\/revisions\/3226"}],"up":[{"embeddable":true,"href":"https:\/\/commissionroyalehistoire.be\/en\/wp-json\/wp\/v2\/pages\/2498"}],"wp:attachment":[{"href":"https:\/\/commissionroyalehistoire.be\/en\/wp-json\/wp\/v2\/media?parent=2522"}],"curies":[{"name":"wp","href":"https:\/\/api.w.org\/{rel}","templated":true}]}}